{"id":761,"date":"2024-01-18T13:04:56","date_gmt":"2024-01-18T12:04:56","guid":{"rendered":"https:\/\/colegioaleman.net\/?page_id=761"},"modified":"2024-02-29T15:57:54","modified_gmt":"2024-02-29T14:57:54","slug":"canal-etico","status":"publish","type":"page","link":"https:\/\/colegioaleman.net\/de\/canal-etico\/","title":{"rendered":"Canal \u00e9tico"},"content":{"rendered":"\n<p>El&nbsp;<strong>Canal de Denuncias<\/strong>&nbsp;es la v\u00eda prevista por el&nbsp;<strong>Sistema interno de informaci\u00f3n de la DEUTSCHE SCHULE SAN SEBASTI\u00c1N<\/strong>&nbsp;para reportar las informaciones de irregularidades por escrito.<\/p>\n\n\n\n<p>La&nbsp;<strong>Ley 2\/2023, de 20 de febrero, reguladora de la protecci\u00f3n de las personas que informen sobre infracciones normativas y de lucha contra la corrupci\u00f3n&nbsp;<\/strong>ha obligado a establecer a todas las empresas privadas con cincuenta o m\u00e1s trabajadores sus propios sistemas para que las personas trabajadoras y proveedores de las entidades puedan informar, comunicar o denunciar una serie de conductas irregulares o il\u00edcitas establecidas en relaci\u00f3n con el trabajo, primero a trav\u00e9s de canales internos, antes que acudir a canales externos, siempre que se tenga una certeza razonable de irregularidad, aun cuando no se aporten pruebas concluyentes.<\/p>\n\n\n\n<h3 class=\"wp-block-heading\">Normativa reguladora<\/h3>\n\n\n\n<ul class=\"wp-block-list\">\n<li>Ley 2\/2023, de 20 de febrero, reguladora de la protecci\u00f3n de las personas que informen sobre infracciones normativas y de lucha contra la corrupci\u00f3n<\/li>\n\n\n\n<li>Directiva UE 2019\/1937 del Parlamento Europeo y del Consejo de 23 de octubre de 2019 relativa a la protecci\u00f3n de las personas que informen sobre infracciones del Derecho de la Uni\u00f3n<\/li>\n<\/ul>\n\n\n\n<h3 class=\"wp-block-heading\">Pol\u00edtica de privacidad del canal de denuncias<\/h3>\n\n\n\n<p>De conformidad con el Reglamento (UE) 2016\/679, del Parlamento Europeo y del Consejo, de 27 de abril de 2016 (RGPD), relativo a la protecci\u00f3n de las personas f\u00edsicas en lo que respecta al tratamiento de datos personales y a la libre circulaci\u00f3n de estos datos, as\u00ed como con la Ley Org\u00e1nica 3\/2018, de 5 de diciembre, de Protecci\u00f3n de Datos Personales y Garant\u00eda de los Derechos Digitales (LOPDGDD), as\u00ed como la Ley Org\u00e1nica 7\/2021, de 26 de mayo, de protecci\u00f3n de datos personales tratados para fines de prevenci\u00f3n, detecci\u00f3n, investigaci\u00f3n y enjuiciamiento de infracciones penales y de ejecuci\u00f3n de sanciones penales, y la Ley 2\/2023, de 20 de febrero, reguladora de la protecci\u00f3n de las personas que informen sobre infracciones normativas y de lucha contra la corrupci\u00f3n, cuya principal finalidad es la de proteger a las personas que, en un contexto laboral o profesional, detecten infracciones penales o administrativas graves o muy graves y las comuniquen mediante mecanismos regulados en esta misma normativa, le informamos sobre el tratamiento de los datos:<\/p>\n\n\n\n<p><strong>RESPONSABLE DEL TRATAMIENTO:<\/strong><br><strong>Raz\u00f3n Social<\/strong>:&nbsp;DEUTSCHE SCHULE SAN ALBERTO MAGNO, S. COOP<br><strong>NIF<\/strong>:&nbsp;F20042750<br><strong>Direcci\u00f3n:<\/strong>&nbsp;Paseo Oriamendi 25 \u2013 20009 Donostia-San Sebasti\u00e1n (Gipuzkoa)<br><strong>Tel\u00e9fono:<\/strong>&nbsp;+ (34) 943 21 22 44<br><strong>Delegado de protecci\u00f3n de datos (DPD):<\/strong>&nbsp;IKAL ASESORES S.L.<br><strong>Correo electr\u00f3nico:<\/strong>&nbsp;<a href=\"mailto:dpo@colegioaleman.net\">dpo@colegioaleman.net<\/a><\/p>\n\n\n\n<ul class=\"wp-block-list\">\n<li><strong>Finalidad del tratamiento:<\/strong>&nbsp;Los datos proporcionados mediante el Canal de Denuncias ser\u00e1n tratados con la finalidad de recibir y tramitar su denuncia, as\u00ed como otorgar una protecci\u00f3n adecuada frente a las represalias, de conformidad con la Ley 2\/2023, de 20 de febrero.<\/li>\n\n\n\n<li><strong>Legitimaci\u00f3n<\/strong>: El tratamiento de los datos queda legitimado por el cumplimiento legal de la Ley 2\/2023, de 20 de febrero.<\/li>\n\n\n\n<li><strong>Destinatarios<\/strong>: &nbsp;En una situaci\u00f3n de investigaci\u00f3n penal, disciplinaria o sancionadora, se comunicar\u00e1 la identidad del informante a la Autoridad Judicial, al Ministerio Fiscal o a la autoridad administrativa competente. El canal de denuncias tiene implantadas las medidas de seguridad de \u00edndole t\u00e9cnica y organizativas adecuadas para preservar la identidad y garantizar la confidencialidad de los datos correspondientes a las personas afectadas y a cualquier tercero que se mencione en la informaci\u00f3n suministrada, especialmente la identidad del informante en caso de que se hubiera identificado.<\/li>\n\n\n\n<li><strong>Transferencia internacional:<\/strong>&nbsp;Sus datos no ser\u00e1n objeto de transferencias internacionales.<\/li>\n\n\n\n<li><strong>Conservaci\u00f3n de los datos:<\/strong>&nbsp;Se establece que las comunicaciones podr\u00e1n mantenerse dentro del sistema de informaci\u00f3n \u00fanicamente durante el tiempo imprescindible para decidir sobre si procede o no iniciar una investigaci\u00f3n. Si esta decisi\u00f3n no se adoptara en un plazo de tres meses, deber\u00e1 suprimirse del sistema la comunicaci\u00f3n, salvo con el fin de mantener evidencia del funcionamiento del sistema y de forma anonimizada si fueran comunicaciones no cursadas.<\/li>\n\n\n\n<li><strong>Derechos:<\/strong>&nbsp;El interesado podr\u00e1 ejercitar el derecho de acceso a sus datos personales, as\u00ed como solicitar la rectificaci\u00f3n de los datos inexactos o, si procede, solicitar su supresi\u00f3n cuando los datos ya no sean necesarias para las finalidades que fueron recogidas. Tambi\u00e9n podr\u00e1 solicitar la limitaci\u00f3n, portabilidad y oposici\u00f3n del tratamiento de sus datos, en determinadas circunstancias y por motivos relacionados con su situaci\u00f3n particular. Si la persona a la que se refiera la revelaci\u00f3n p\u00fablica ejerciese el derecho de oposici\u00f3n, se presumir\u00e1 que, salvo prueba en contrario, existen motivos leg\u00edtimos imprescindibles que legitiman el tratamiento de sus datos personales. Podr\u00e1 ejercitar sus derechos referidos anteriormente, en los t\u00e9rminos y condiciones previstas a la legislaci\u00f3n vigente, en el domicilio del Responsable del Tratamiento, o mediante su direcci\u00f3n de correo electr\u00f3nico facilitado (ver cabecera del cuestionario).<\/li>\n<\/ul>\n\n\n\n<p>En el supuesto que no obtenga una respuesta satisfactoria y desee formular una reclamaci\u00f3n u obtener m\u00e1s informaci\u00f3n al respecto de cualquier de estos derechos, puede acudir a la Agencia Espa\u00f1ola de Protecci\u00f3n.<\/p>\n\n\n\n<h3 class=\"wp-block-heading\">Formulario Denuncias<\/h3>\n\n\n\n<p>Acceda&nbsp;<a href=\"https:\/\/forms.gle\/z6ZF9BgZpnBjyFhRA\" target=\"_blank\" rel=\"noreferrer noopener\"><strong><u>aqu\u00ed<\/u><\/strong><\/a>&nbsp;al formulario de Denuncias<\/p>\n","protected":false},"excerpt":{"rendered":"<p>El&nbsp;Canal de Denuncias&nbsp;es la v\u00eda prevista por el&nbsp;Sistema interno de informaci\u00f3n de la DEUTSCHE SCHULE SAN SEBASTI\u00c1N&nbsp;para reportar las informaciones de irregularidades por escrito. La&nbsp;Ley 2\/2023, de 20 de febrero, reguladora de la protecci\u00f3n de las personas que informen sobre infracciones normativas y de lucha contra la corrupci\u00f3n&nbsp;ha obligado a establecer a todas las empresas [&hellip;]<\/p>\n","protected":false},"author":3,"featured_media":0,"parent":0,"menu_order":0,"comment_status":"closed","ping_status":"closed","template":"","meta":{"site-sidebar-layout":"default","site-content-layout":"","ast-site-content-layout":"default","site-content-style":"default","site-sidebar-style":"default","ast-global-header-display":"","ast-banner-title-visibility":"","ast-main-header-display":"","ast-hfb-above-header-display":"","ast-hfb-below-header-display":"","ast-hfb-mobile-header-display":"","site-post-title":"","ast-breadcrumbs-content":"","ast-featured-img":"","footer-sml-layout":"","ast-disable-related-posts":"","theme-transparent-header-meta":"","adv-header-id-meta":"","stick-header-meta":"","header-above-stick-meta":"","header-main-stick-meta":"","header-below-stick-meta":"","astra-migrate-meta-layouts":"set","ast-page-background-enabled":"default","ast-page-background-meta":{"desktop":{"background-color":"var(--ast-global-color-4)","background-image":"","background-repeat":"repeat","background-position":"center center","background-size":"auto","background-attachment":"scroll","background-type":"","background-media":"","overlay-type":"","overlay-color":"","overlay-opacity":"","overlay-gradient":""},"tablet":{"background-color":"","background-image":"","background-repeat":"repeat","background-position":"center center","background-size":"auto","background-attachment":"scroll","background-type":"","background-media":"","overlay-type":"","overlay-color":"","overlay-opacity":"","overlay-gradient":""},"mobile":{"background-color":"","background-image":"","background-repeat":"repeat","background-position":"center center","background-size":"auto","background-attachment":"scroll","background-type":"","background-media":"","overlay-type":"","overlay-color":"","overlay-opacity":"","overlay-gradient":""}},"ast-content-background-meta":{"desktop":{"background-color":"var(--ast-global-color-5)","background-image":"","background-repeat":"repeat","background-position":"center center","background-size":"auto","background-attachment":"scroll","background-type":"","background-media":"","overlay-type":"","overlay-color":"","overlay-opacity":"","overlay-gradient":""},"tablet":{"background-color":"var(--ast-global-color-5)","background-image":"","background-repeat":"repeat","background-position":"center center","background-size":"auto","background-attachment":"scroll","background-type":"","background-media":"","overlay-type":"","overlay-color":"","overlay-opacity":"","overlay-gradient":""},"mobile":{"background-color":"var(--ast-global-color-5)","background-image":"","background-repeat":"repeat","background-position":"center center","background-size":"auto","background-attachment":"scroll","background-type":"","background-media":"","overlay-type":"","overlay-color":"","overlay-opacity":"","overlay-gradient":""}},"footnotes":""},"class_list":["post-761","page","type-page","status-publish","hentry"],"yoast_head":"<!-- This site is optimized with the Yoast SEO plugin v27.2 - https:\/\/yoast.com\/product\/yoast-seo-wordpress\/ -->\n<title>Canal \u00e9tico | Deutsche Schule San Sebasti&aacute;n<\/title>\n<meta name=\"robots\" content=\"noindex, follow\" \/>\n<meta property=\"og:locale\" content=\"de_DE\" \/>\n<meta property=\"og:type\" content=\"article\" \/>\n<meta property=\"og:title\" content=\"Canal \u00e9tico | Deutsche Schule San Sebasti&aacute;n\" \/>\n<meta property=\"og:description\" content=\"El&nbsp;Canal de Denuncias&nbsp;es la v\u00eda prevista por el&nbsp;Sistema interno de informaci\u00f3n de la DEUTSCHE SCHULE SAN SEBASTI\u00c1N&nbsp;para reportar las informaciones de irregularidades por escrito. La&nbsp;Ley 2\/2023, de 20 de febrero, reguladora de la protecci\u00f3n de las personas que informen sobre infracciones normativas y de lucha contra la corrupci\u00f3n&nbsp;ha obligado a establecer a todas las empresas [&hellip;]\" \/>\n<meta property=\"og:url\" content=\"https:\/\/colegioaleman.net\/de\/canal-etico\/\" \/>\n<meta property=\"og:site_name\" content=\"Deutsche Schule San Sebasti&aacute;n\" \/>\n<meta property=\"article:modified_time\" content=\"2024-02-29T14:57:54+00:00\" \/>\n<meta property=\"og:image\" content=\"https:\/\/colegioaleman.net\/wp-content\/uploads\/2023\/12\/DS_negro.png\" \/>\n\t<meta property=\"og:image:width\" content=\"842\" \/>\n\t<meta property=\"og:image:height\" content=\"297\" \/>\n\t<meta property=\"og:image:type\" content=\"image\/png\" \/>\n<meta name=\"twitter:card\" content=\"summary_large_image\" \/>\n<meta name=\"twitter:label1\" content=\"Gesch\u00e4tzte Lesezeit\" \/>\n\t<meta name=\"twitter:data1\" content=\"4\u00a0Minuten\" \/>\n<script type=\"application\/ld+json\" class=\"yoast-schema-graph\">{\"@context\":\"https:\/\/schema.org\",\"@graph\":[{\"@type\":\"WebPage\",\"@id\":\"https:\/\/colegioaleman.net\/de\/canal-etico\/\",\"url\":\"https:\/\/colegioaleman.net\/de\/canal-etico\/\",\"name\":\"Canal \u00e9tico | Deutsche Schule San Sebasti&aacute;n\",\"isPartOf\":{\"@id\":\"https:\/\/colegioaleman.net\/de\/#website\"},\"datePublished\":\"2024-01-18T12:04:56+00:00\",\"dateModified\":\"2024-02-29T14:57:54+00:00\",\"breadcrumb\":{\"@id\":\"https:\/\/colegioaleman.net\/de\/canal-etico\/#breadcrumb\"},\"inLanguage\":\"de\",\"potentialAction\":[{\"@type\":\"ReadAction\",\"target\":[\"https:\/\/colegioaleman.net\/de\/canal-etico\/\"]}]},{\"@type\":\"BreadcrumbList\",\"@id\":\"https:\/\/colegioaleman.net\/de\/canal-etico\/#breadcrumb\",\"itemListElement\":[{\"@type\":\"ListItem\",\"position\":1,\"name\":\"Home\",\"item\":\"https:\/\/colegioaleman.net\/de\/\"},{\"@type\":\"ListItem\",\"position\":2,\"name\":\"Canal \u00e9tico\"}]},{\"@type\":\"WebSite\",\"@id\":\"https:\/\/colegioaleman.net\/de\/#website\",\"url\":\"https:\/\/colegioaleman.net\/de\/\",\"name\":\"Deutsche Schule San Sebasti&aacute;n\",\"description\":\"Colegio Alem&aacute;n San Alberto Magno\",\"potentialAction\":[{\"@type\":\"SearchAction\",\"target\":{\"@type\":\"EntryPoint\",\"urlTemplate\":\"https:\/\/colegioaleman.net\/de\/?s={search_term_string}\"},\"query-input\":{\"@type\":\"PropertyValueSpecification\",\"valueRequired\":true,\"valueName\":\"search_term_string\"}}],\"inLanguage\":\"de\"}]}<\/script>\n<!-- \/ Yoast SEO plugin. -->","yoast_head_json":{"title":"Canal \u00e9tico | Deutsche Schule San Sebasti&aacute;n","robots":{"index":"noindex","follow":"follow"},"og_locale":"de_DE","og_type":"article","og_title":"Canal \u00e9tico | Deutsche Schule San Sebasti&aacute;n","og_description":"El&nbsp;Canal de Denuncias&nbsp;es la v\u00eda prevista por el&nbsp;Sistema interno de informaci\u00f3n de la DEUTSCHE SCHULE SAN SEBASTI\u00c1N&nbsp;para reportar las informaciones de irregularidades por escrito. La&nbsp;Ley 2\/2023, de 20 de febrero, reguladora de la protecci\u00f3n de las personas que informen sobre infracciones normativas y de lucha contra la corrupci\u00f3n&nbsp;ha obligado a establecer a todas las empresas [&hellip;]","og_url":"https:\/\/colegioaleman.net\/de\/canal-etico\/","og_site_name":"Deutsche Schule San Sebasti&aacute;n","article_modified_time":"2024-02-29T14:57:54+00:00","og_image":[{"width":842,"height":297,"url":"https:\/\/colegioaleman.net\/wp-content\/uploads\/2023\/12\/DS_negro.png","type":"image\/png"}],"twitter_card":"summary_large_image","twitter_misc":{"Gesch\u00e4tzte Lesezeit":"4\u00a0Minuten"},"schema":{"@context":"https:\/\/schema.org","@graph":[{"@type":"WebPage","@id":"https:\/\/colegioaleman.net\/de\/canal-etico\/","url":"https:\/\/colegioaleman.net\/de\/canal-etico\/","name":"Canal \u00e9tico | Deutsche Schule San Sebasti&aacute;n","isPartOf":{"@id":"https:\/\/colegioaleman.net\/de\/#website"},"datePublished":"2024-01-18T12:04:56+00:00","dateModified":"2024-02-29T14:57:54+00:00","breadcrumb":{"@id":"https:\/\/colegioaleman.net\/de\/canal-etico\/#breadcrumb"},"inLanguage":"de","potentialAction":[{"@type":"ReadAction","target":["https:\/\/colegioaleman.net\/de\/canal-etico\/"]}]},{"@type":"BreadcrumbList","@id":"https:\/\/colegioaleman.net\/de\/canal-etico\/#breadcrumb","itemListElement":[{"@type":"ListItem","position":1,"name":"Home","item":"https:\/\/colegioaleman.net\/de\/"},{"@type":"ListItem","position":2,"name":"Canal \u00e9tico"}]},{"@type":"WebSite","@id":"https:\/\/colegioaleman.net\/de\/#website","url":"https:\/\/colegioaleman.net\/de\/","name":"Deutsche Schule San Sebasti&aacute;n","description":"Colegio Alem&aacute;n San Alberto Magno","potentialAction":[{"@type":"SearchAction","target":{"@type":"EntryPoint","urlTemplate":"https:\/\/colegioaleman.net\/de\/?s={search_term_string}"},"query-input":{"@type":"PropertyValueSpecification","valueRequired":true,"valueName":"search_term_string"}}],"inLanguage":"de"}]}},"_links":{"self":[{"href":"https:\/\/colegioaleman.net\/de\/wp-json\/wp\/v2\/pages\/761","targetHints":{"allow":["GET"]}}],"collection":[{"href":"https:\/\/colegioaleman.net\/de\/wp-json\/wp\/v2\/pages"}],"about":[{"href":"https:\/\/colegioaleman.net\/de\/wp-json\/wp\/v2\/types\/page"}],"author":[{"embeddable":true,"href":"https:\/\/colegioaleman.net\/de\/wp-json\/wp\/v2\/users\/3"}],"replies":[{"embeddable":true,"href":"https:\/\/colegioaleman.net\/de\/wp-json\/wp\/v2\/comments?post=761"}],"version-history":[{"count":0,"href":"https:\/\/colegioaleman.net\/de\/wp-json\/wp\/v2\/pages\/761\/revisions"}],"wp:attachment":[{"href":"https:\/\/colegioaleman.net\/de\/wp-json\/wp\/v2\/media?parent=761"}],"curies":[{"name":"wp","href":"https:\/\/api.w.org\/{rel}","templated":true}]}}