{"id":765,"date":"2024-01-18T13:10:18","date_gmt":"2024-01-18T12:10:18","guid":{"rendered":"https:\/\/colegioaleman.net\/?page_id=765"},"modified":"2024-02-29T15:58:18","modified_gmt":"2024-02-29T14:58:18","slug":"politica-de-cookies","status":"publish","type":"page","link":"https:\/\/colegioaleman.net\/de\/politica-de-cookies\/","title":{"rendered":"Pol\u00edtica de Cookies"},"content":{"rendered":"\n<p>Las cookies son peque\u00f1os archivos que los sitios web env\u00edan al navegador y que se almacenan en el terminal del usuario, el cual puede ser un ordenador personal, un tel\u00e9fono m\u00f3vil, una tableta, o cualquier otro dispositivo. Para hacer un uso completo del contenido y las funciones personalizadas de este sitio web, el navegador de su ordenador o dispositivo m\u00f3vil debe aceptar estas cookies. Es com\u00fan que su navegador lo haga de forma predeterminada, pero puede usted cambiar esta opci\u00f3n predeterminada tal y como se indica en esta p\u00e1gina.<\/p>\n\n\n\n<h3 class=\"wp-block-heading\">CONSENTIMIENTO PARA LA INSTALACI\u00d3N DE COOKIES EN SU TERMINAL:<\/h3>\n\n\n\n<p>Al visitar por primera vez nuestro sitio web se le informa de la utilizaci\u00f3n de cookies, de la finalidad de las mismas y la posibilidad de aceptarlas o rechazarlas mediante la pulsaci\u00f3n del bot\u00f3n correspondiente a cada opci\u00f3n. Su consentimiento ser\u00e1 v\u00e1lido mientras no sea revocado.<\/p>\n\n\n\n<h3 class=\"wp-block-heading\">REVOCACI\u00d3N DE SU CONSENTIMIENTO:<\/h3>\n\n\n\n<p>Si m\u00e1s adelante decide usted revocar su consentimiento puede configurar su navegador para que rechace todas o algunas de las cookies y adem\u00e1s borrar el historial para eliminar las ya instaladas, tal y como se informa m\u00e1s delante. Debe tener en cuenta que esta revocaci\u00f3n puede provocar que no pueda acceder a algunos de los servicios del sitio web o se produzcan errores en su funcionamiento.<\/p>\n\n\n\n<h3 class=\"wp-block-heading\">COOKIES QUE INSTALA ESTE SITIO WEB:<\/h3>\n\n\n\n<p>Adem\u00e1s de las cookies de uso interno imprescindibles para el funcionamiento de la web, como por ejemplo aquellas que permiten la autenticaci\u00f3n o el mantenimiento de la sesi\u00f3n del usuario registrado, el sitio web instala:<\/p>\n\n\n\n<ul class=\"wp-block-list\">\n<li><strong>Cookies anal\u00edticas de terceros:<\/strong>&nbsp;La aplicaci\u00f3n que utilizamos para obtener informaci\u00f3n de la navegaci\u00f3n, medir y analizar la audiencia, es Google Analytics,&nbsp;<a href=\"https:\/\/www.google.com\/intl\/es_es\/policies\/technologies\/cookies\/\">https:\/\/www.google.com\/intl\/es_es\/policies\/<\/a><a href=\"https:\/\/www.google.com\/intl\/es_es\/policies\/technologies\/cookies\/\">t<\/a><a href=\"https:\/\/www.google.com\/intl\/es_es\/policies\/technologies\/cookies\/\">echnologies\/cookies\/<\/a>) que nos presta el servicio de medici\u00f3n y an\u00e1lisis de la audiencia de nuestras p\u00e1ginas.<\/li>\n<\/ul>\n\n\n\n<h3 class=\"wp-block-heading\">C\u00d3MO UTILIZAMOS LAS COOKIES EN ESTE SITIO WEB:<\/h3>\n\n\n\n<p>La informaci\u00f3n que obtienen las cookies que utilizamos en este sitio web est\u00e1 relacionada con el n\u00famero de p\u00e1ginas visitas, el idioma, red social en la que se publican nuestras noticias, la ciudad o regi\u00f3n a la que est\u00e1 asignada la direcci\u00f3n IP desde la que accedes, el n\u00famero de nuevos usuarios, la frecuencia y reincidencia de las visitas, el tiempo de visita, el navegador y el operador o tipo de terminal desde el que se realiza la visita. Asimismo, estas aplicaciones de terceros pueden utilizar estos datos para mejorar sus propios servicios y para ofrecer servicios a otras empresas. Puedes conocer esos otros usos desde los enlaces indicados.<\/p>\n\n\n\n<h3 class=\"wp-block-heading\">CONTROLAR LAS COOKIES INSTALADAS EN SU EQUIPO:<\/h3>\n\n\n\n<p>Las cookies de este sitio web no almacenan informaci\u00f3n confidencial como su nombre, direcci\u00f3n, etc., no obstante, si desea restringir, bloquear o eliminar las cookies de este sitio web o de cualquier otro, puede configurar su navegador para rechazar o aceptar las mismas o para que estas \u00e9stas sean eliminadas de forma autom\u00e1tica una vez cierre el navegador, apague el ordenador o el dispositivo m\u00f3vil.<\/p>\n\n\n\n<p>Para obtener m\u00e1s informaci\u00f3n sobre el uso, manejo y eliminaci\u00f3n de las \u201ccookies\u201d para los tipos m\u00e1s habituales de navegador, por favor visite los siguientes enlaces:<\/p>\n\n\n\n<ul class=\"wp-block-list\">\n<li><a href=\"https:\/\/support.microsoft.com\/es-es\/kb\/278835\" target=\"_blank\" rel=\"noreferrer noopener\">Explorer<\/a><\/li>\n\n\n\n<li><a href=\"http:\/\/support.google.com\/chrome\/bin\/answer.py?hl=es&amp;answer=95647\" target=\"_blank\" rel=\"noreferrer noopener\">Google Chrome<\/a><\/li>\n\n\n\n<li><a href=\"https:\/\/support.mozilla.org\/es\/kb\/Borrar%20cookies\" target=\"_blank\" rel=\"noreferrer noopener\">Mozilla Firefox<\/a><\/li>\n\n\n\n<li><a href=\"http:\/\/support.apple.com\/kb\/ph5042\" target=\"_blank\" rel=\"noreferrer noopener\">Safari<\/a><\/li>\n<\/ul>\n\n\n\n<p>Si no desea que sus datos se recopilen con Google Analytics, puede instalar su complemento de inhabilitaci\u00f3n para navegadores c\u00f3mo se indica en la&nbsp;<a href=\"https:\/\/support.google.com\/analytics\/answer\/181881?hl=es&amp;ref_topic=2919631\" target=\"_blank\" rel=\"noreferrer noopener\">p\u00e1gina web<\/a>.<\/p>\n","protected":false},"excerpt":{"rendered":"<p>Las cookies son peque\u00f1os archivos que los sitios web env\u00edan al navegador y que se almacenan en el terminal del usuario, el cual puede ser un ordenador personal, un tel\u00e9fono m\u00f3vil, una tableta, o cualquier otro dispositivo. Para hacer un uso completo del contenido y las funciones personalizadas de este sitio web, el navegador de [&hellip;]<\/p>\n","protected":false},"author":3,"featured_media":0,"parent":0,"menu_order":0,"comment_status":"closed","ping_status":"closed","template":"","meta":{"site-sidebar-layout":"default","site-content-layout":"","ast-site-content-layout":"default","site-content-style":"default","site-sidebar-style":"default","ast-global-header-display":"","ast-banner-title-visibility":"","ast-main-header-display":"","ast-hfb-above-header-display":"","ast-hfb-below-header-display":"","ast-hfb-mobile-header-display":"","site-post-title":"","ast-breadcrumbs-content":"","ast-featured-img":"","footer-sml-layout":"","ast-disable-related-posts":"","theme-transparent-header-meta":"","adv-header-id-meta":"","stick-header-meta":"","header-above-stick-meta":"","header-main-stick-meta":"","header-below-stick-meta":"","astra-migrate-meta-layouts":"set","ast-page-background-enabled":"default","ast-page-background-meta":{"desktop":{"background-color":"var(--ast-global-color-4)","background-image":"","background-repeat":"repeat","background-position":"center center","background-size":"auto","background-attachment":"scroll","background-type":"","background-media":"","overlay-type":"","overlay-color":"","overlay-opacity":"","overlay-gradient":""},"tablet":{"background-color":"","background-image":"","background-repeat":"repeat","background-position":"center center","background-size":"auto","background-attachment":"scroll","background-type":"","background-media":"","overlay-type":"","overlay-color":"","overlay-opacity":"","overlay-gradient":""},"mobile":{"background-color":"","background-image":"","background-repeat":"repeat","background-position":"center center","background-size":"auto","background-attachment":"scroll","background-type":"","background-media":"","overlay-type":"","overlay-color":"","overlay-opacity":"","overlay-gradient":""}},"ast-content-background-meta":{"desktop":{"background-color":"var(--ast-global-color-5)","background-image":"","background-repeat":"repeat","background-position":"center center","background-size":"auto","background-attachment":"scroll","background-type":"","background-media":"","overlay-type":"","overlay-color":"","overlay-opacity":"","overlay-gradient":""},"tablet":{"background-color":"var(--ast-global-color-5)","background-image":"","background-repeat":"repeat","background-position":"center center","background-size":"auto","background-attachment":"scroll","background-type":"","background-media":"","overlay-type":"","overlay-color":"","overlay-opacity":"","overlay-gradient":""},"mobile":{"background-color":"var(--ast-global-color-5)","background-image":"","background-repeat":"repeat","background-position":"center center","background-size":"auto","background-attachment":"scroll","background-type":"","background-media":"","overlay-type":"","overlay-color":"","overlay-opacity":"","overlay-gradient":""}},"footnotes":""},"class_list":["post-765","page","type-page","status-publish","hentry"],"yoast_head":"<!-- This site is optimized with the Yoast SEO plugin v27.4 - https:\/\/yoast.com\/product\/yoast-seo-wordpress\/ -->\n<title>Pol\u00edtica de Cookies | Deutsche Schule San Sebasti&aacute;n<\/title>\n<meta name=\"robots\" content=\"noindex, follow\" \/>\n<meta property=\"og:locale\" content=\"de_DE\" \/>\n<meta property=\"og:type\" content=\"article\" \/>\n<meta property=\"og:title\" content=\"Pol\u00edtica de Cookies | Deutsche Schule San Sebasti&aacute;n\" \/>\n<meta property=\"og:description\" content=\"Las cookies son peque\u00f1os archivos que los sitios web env\u00edan al navegador y que se almacenan en el terminal del usuario, el cual puede ser un ordenador personal, un tel\u00e9fono m\u00f3vil, una tableta, o cualquier otro dispositivo. Para hacer un uso completo del contenido y las funciones personalizadas de este sitio web, el navegador de [&hellip;]\" \/>\n<meta property=\"og:url\" content=\"https:\/\/colegioaleman.net\/de\/politica-de-cookies\/\" \/>\n<meta property=\"og:site_name\" content=\"Deutsche Schule San Sebasti&aacute;n\" \/>\n<meta property=\"article:modified_time\" content=\"2024-02-29T14:58:18+00:00\" \/>\n<meta property=\"og:image\" content=\"https:\/\/colegioaleman.net\/wp-content\/uploads\/2023\/12\/DS_negro.png\" \/>\n\t<meta property=\"og:image:width\" content=\"842\" \/>\n\t<meta property=\"og:image:height\" content=\"297\" \/>\n\t<meta property=\"og:image:type\" content=\"image\/png\" \/>\n<meta name=\"twitter:card\" content=\"summary_large_image\" \/>\n<meta name=\"twitter:label1\" content=\"Gesch\u00e4tzte Lesezeit\" \/>\n\t<meta name=\"twitter:data1\" content=\"3\u00a0Minuten\" \/>\n<script type=\"application\/ld+json\" class=\"yoast-schema-graph\">{\"@context\":\"https:\\\/\\\/schema.org\",\"@graph\":[{\"@type\":\"WebPage\",\"@id\":\"https:\\\/\\\/colegioaleman.net\\\/de\\\/politica-de-cookies\\\/\",\"url\":\"https:\\\/\\\/colegioaleman.net\\\/de\\\/politica-de-cookies\\\/\",\"name\":\"Pol\u00edtica de Cookies | Deutsche Schule San Sebasti&aacute;n\",\"isPartOf\":{\"@id\":\"https:\\\/\\\/colegioaleman.net\\\/de\\\/#website\"},\"datePublished\":\"2024-01-18T12:10:18+00:00\",\"dateModified\":\"2024-02-29T14:58:18+00:00\",\"breadcrumb\":{\"@id\":\"https:\\\/\\\/colegioaleman.net\\\/de\\\/politica-de-cookies\\\/#breadcrumb\"},\"inLanguage\":\"de\",\"potentialAction\":[{\"@type\":\"ReadAction\",\"target\":[\"https:\\\/\\\/colegioaleman.net\\\/de\\\/politica-de-cookies\\\/\"]}]},{\"@type\":\"BreadcrumbList\",\"@id\":\"https:\\\/\\\/colegioaleman.net\\\/de\\\/politica-de-cookies\\\/#breadcrumb\",\"itemListElement\":[{\"@type\":\"ListItem\",\"position\":1,\"name\":\"Home\",\"item\":\"https:\\\/\\\/colegioaleman.net\\\/de\\\/\"},{\"@type\":\"ListItem\",\"position\":2,\"name\":\"Pol\u00edtica de Cookies\"}]},{\"@type\":\"WebSite\",\"@id\":\"https:\\\/\\\/colegioaleman.net\\\/de\\\/#website\",\"url\":\"https:\\\/\\\/colegioaleman.net\\\/de\\\/\",\"name\":\"Deutsche Schule San Sebasti&aacute;n\",\"description\":\"Colegio Alem&aacute;n San Alberto Magno\",\"potentialAction\":[{\"@type\":\"SearchAction\",\"target\":{\"@type\":\"EntryPoint\",\"urlTemplate\":\"https:\\\/\\\/colegioaleman.net\\\/de\\\/?s={search_term_string}\"},\"query-input\":{\"@type\":\"PropertyValueSpecification\",\"valueRequired\":true,\"valueName\":\"search_term_string\"}}],\"inLanguage\":\"de\"}]}<\/script>\n<!-- \/ Yoast SEO plugin. -->","yoast_head_json":{"title":"Pol\u00edtica de Cookies | Deutsche Schule San Sebasti&aacute;n","robots":{"index":"noindex","follow":"follow"},"og_locale":"de_DE","og_type":"article","og_title":"Pol\u00edtica de Cookies | Deutsche Schule San Sebasti&aacute;n","og_description":"Las cookies son peque\u00f1os archivos que los sitios web env\u00edan al navegador y que se almacenan en el terminal del usuario, el cual puede ser un ordenador personal, un tel\u00e9fono m\u00f3vil, una tableta, o cualquier otro dispositivo. Para hacer un uso completo del contenido y las funciones personalizadas de este sitio web, el navegador de [&hellip;]","og_url":"https:\/\/colegioaleman.net\/de\/politica-de-cookies\/","og_site_name":"Deutsche Schule San Sebasti&aacute;n","article_modified_time":"2024-02-29T14:58:18+00:00","og_image":[{"width":842,"height":297,"url":"https:\/\/colegioaleman.net\/wp-content\/uploads\/2023\/12\/DS_negro.png","type":"image\/png"}],"twitter_card":"summary_large_image","twitter_misc":{"Gesch\u00e4tzte Lesezeit":"3\u00a0Minuten"},"schema":{"@context":"https:\/\/schema.org","@graph":[{"@type":"WebPage","@id":"https:\/\/colegioaleman.net\/de\/politica-de-cookies\/","url":"https:\/\/colegioaleman.net\/de\/politica-de-cookies\/","name":"Pol\u00edtica de Cookies | Deutsche Schule San Sebasti&aacute;n","isPartOf":{"@id":"https:\/\/colegioaleman.net\/de\/#website"},"datePublished":"2024-01-18T12:10:18+00:00","dateModified":"2024-02-29T14:58:18+00:00","breadcrumb":{"@id":"https:\/\/colegioaleman.net\/de\/politica-de-cookies\/#breadcrumb"},"inLanguage":"de","potentialAction":[{"@type":"ReadAction","target":["https:\/\/colegioaleman.net\/de\/politica-de-cookies\/"]}]},{"@type":"BreadcrumbList","@id":"https:\/\/colegioaleman.net\/de\/politica-de-cookies\/#breadcrumb","itemListElement":[{"@type":"ListItem","position":1,"name":"Home","item":"https:\/\/colegioaleman.net\/de\/"},{"@type":"ListItem","position":2,"name":"Pol\u00edtica de Cookies"}]},{"@type":"WebSite","@id":"https:\/\/colegioaleman.net\/de\/#website","url":"https:\/\/colegioaleman.net\/de\/","name":"Deutsche Schule San Sebasti&aacute;n","description":"Colegio Alem&aacute;n San Alberto Magno","potentialAction":[{"@type":"SearchAction","target":{"@type":"EntryPoint","urlTemplate":"https:\/\/colegioaleman.net\/de\/?s={search_term_string}"},"query-input":{"@type":"PropertyValueSpecification","valueRequired":true,"valueName":"search_term_string"}}],"inLanguage":"de"}]}},"_links":{"self":[{"href":"https:\/\/colegioaleman.net\/de\/wp-json\/wp\/v2\/pages\/765","targetHints":{"allow":["GET"]}}],"collection":[{"href":"https:\/\/colegioaleman.net\/de\/wp-json\/wp\/v2\/pages"}],"about":[{"href":"https:\/\/colegioaleman.net\/de\/wp-json\/wp\/v2\/types\/page"}],"author":[{"embeddable":true,"href":"https:\/\/colegioaleman.net\/de\/wp-json\/wp\/v2\/users\/3"}],"replies":[{"embeddable":true,"href":"https:\/\/colegioaleman.net\/de\/wp-json\/wp\/v2\/comments?post=765"}],"version-history":[{"count":0,"href":"https:\/\/colegioaleman.net\/de\/wp-json\/wp\/v2\/pages\/765\/revisions"}],"wp:attachment":[{"href":"https:\/\/colegioaleman.net\/de\/wp-json\/wp\/v2\/media?parent=765"}],"curies":[{"name":"wp","href":"https:\/\/api.w.org\/{rel}","templated":true}]}}