{"id":771,"date":"2024-01-18T13:14:24","date_gmt":"2024-01-18T12:14:24","guid":{"rendered":"https:\/\/colegioaleman.net\/?page_id=771"},"modified":"2024-02-29T15:57:34","modified_gmt":"2024-02-29T14:57:34","slug":"aviso-legal","status":"publish","type":"page","link":"https:\/\/colegioaleman.net\/de\/aviso-legal\/","title":{"rendered":"Aviso legal"},"content":{"rendered":"\n<p>En cumplimiento de la Ley 34\/2002 de 11 de julio, de servicios de la sociedad de la informaci\u00f3n y comercio electr\u00f3nico le informamos que los datos del responsable de la web son:<\/p>\n\n\n\n<ul class=\"wp-block-list\">\n<li><strong>Denominaci\u00f3n Social:<\/strong>&nbsp;Deutsche Schule San Alberto Magno (Colegio Alem\u00e1n)<\/li>\n\n\n\n<li><strong>Domicilio:<\/strong>&nbsp;Paseo Oriamendi 25, 20009&nbsp;Donostia \/ San Sebasti\u00e1n<\/li>\n\n\n\n<li><strong>NIF:<\/strong>&nbsp;F20042750<\/li>\n\n\n\n<li><strong>Email:<\/strong>&nbsp;<a href=\"mailto:secretaria@colegioaleman.net\">secretaria@colegioaleman.net<\/a><\/li>\n\n\n\n<li><strong>Datos de inscripci\u00f3n:<\/strong><\/li>\n<\/ul>\n\n\n\n<h3 class=\"wp-block-heading\">OBLIGACI\u00d3N DE HACER UN USO CORRECTO DEL PORTAL:<\/h3>\n\n\n\n<p>El Usuario\/a se compromete a hacer un uso adecuado de la web y a no emplearla para incurrir en actividades il\u00edcitas o contrarias a la buena fe y al ordenamiento legal (a t\u00edtulo meramente indicativo y no exhaustivo); provocar da\u00f1os en los sistemas f\u00edsicos y l\u00f3gicos del responsable, de sus proveedores o de terceras personas, introducir o difundir en la red virus inform\u00e1ticos o cualesquiera otros sistemas f\u00edsicos o l\u00f3gicos que sean susceptibles de provocar los da\u00f1os anteriormente mencionados, sin olvidar todos aquellos que vulneren o transgredan el honor, la intimidad personal o familiar y a la imagen de las personas, de los derechos de propiedad y de toda otra naturaleza pertenecientes a un tercero como consecuencia de la transmisi\u00f3n, difusi\u00f3n, almacenamiento, puesta a disposici\u00f3n, recepci\u00f3n, obtenci\u00f3n o acceso a los contenidos o la imagen de terceros; la realizaci\u00f3n de actos de competencia desleal y publicidad il\u00edcita como consecuencia de la transmisi\u00f3n, difusi\u00f3n, almacenamiento, puesta a disposici\u00f3n, recepci\u00f3n, obtenci\u00f3n o acceso a los contenidos; la falta de veracidad, exactitud, exhaustividad, pertinencia y\/o actualidad de los contenidos dejando el Usuario, en todo caso, indemne al responsable del portal frente a cualquier reclamaci\u00f3n, judicial o extrajudicial.<\/p>\n\n\n\n<h3 class=\"wp-block-heading\">PROPIEDAD INTELECTUAL E INDUSTRIAL<\/h3>\n\n\n\n<p>Todos lo contenidos de la web (textos, v\u00eddeos, im\u00e1genes, etc) as\u00ed como todas las marcas, nombres comerciales o cualquier otro signo distintivo, as\u00ed como los nombres de dominio son propiedad del Colegio Alem\u00e1n o o bien ha adquirido los correspondientes derechos de sus propietarios, y est\u00e1n protegidos por las leyes y tratados internacionales en materia de propiedad intelectual e industrial, as\u00ed como por la normativa reguladora de los nombres de dominio, quedando reservados todos los derechos sobre los mismos.<\/p>\n\n\n\n<h3 class=\"wp-block-heading\">POL\u00cdTICA DE PRIVACIDAD<\/h3>\n\n\n\n<p>Colegio Alem\u00e1n protege los datos personales seg\u00fan lo establecido en la normativa de protecci\u00f3n de datos de car\u00e1cter personal. Toda la informaci\u00f3n sobre el tratamiento de datos que realiza el Colegio Alem\u00e1n se encuentra en su\u00a0<a href=\"https:\/\/colegioaleman.net\/politica-de-privacidad\/\">Pol\u00edtica de Privacidad<\/a>.\u00a0<\/p>\n\n\n\n<h3 class=\"wp-block-heading\">LEGISLACI\u00d3N APLICABLE<\/h3>\n\n\n\n<p>El presente Aviso Legal se rige en todos y cada uno de sus extremos por la legislaci\u00f3n espa\u00f1ola.<\/p>\n","protected":false},"excerpt":{"rendered":"<p>En cumplimiento de la Ley 34\/2002 de 11 de julio, de servicios de la sociedad de la informaci\u00f3n y comercio electr\u00f3nico le informamos que los datos del responsable de la web son: OBLIGACI\u00d3N DE HACER UN USO CORRECTO DEL PORTAL: El Usuario\/a se compromete a hacer un uso adecuado de la web y a no [&hellip;]<\/p>\n","protected":false},"author":3,"featured_media":0,"parent":0,"menu_order":0,"comment_status":"closed","ping_status":"closed","template":"","meta":{"site-sidebar-layout":"default","site-content-layout":"","ast-site-content-layout":"default","site-content-style":"default","site-sidebar-style":"default","ast-global-header-display":"","ast-banner-title-visibility":"","ast-main-header-display":"","ast-hfb-above-header-display":"","ast-hfb-below-header-display":"","ast-hfb-mobile-header-display":"","site-post-title":"","ast-breadcrumbs-content":"","ast-featured-img":"","footer-sml-layout":"","ast-disable-related-posts":"","theme-transparent-header-meta":"","adv-header-id-meta":"","stick-header-meta":"","header-above-stick-meta":"","header-main-stick-meta":"","header-below-stick-meta":"","astra-migrate-meta-layouts":"set","ast-page-background-enabled":"default","ast-page-background-meta":{"desktop":{"background-color":"var(--ast-global-color-4)","background-image":"","background-repeat":"repeat","background-position":"center center","background-size":"auto","background-attachment":"scroll","background-type":"","background-media":"","overlay-type":"","overlay-color":"","overlay-opacity":"","overlay-gradient":""},"tablet":{"background-color":"","background-image":"","background-repeat":"repeat","background-position":"center center","background-size":"auto","background-attachment":"scroll","background-type":"","background-media":"","overlay-type":"","overlay-color":"","overlay-opacity":"","overlay-gradient":""},"mobile":{"background-color":"","background-image":"","background-repeat":"repeat","background-position":"center center","background-size":"auto","background-attachment":"scroll","background-type":"","background-media":"","overlay-type":"","overlay-color":"","overlay-opacity":"","overlay-gradient":""}},"ast-content-background-meta":{"desktop":{"background-color":"var(--ast-global-color-5)","background-image":"","background-repeat":"repeat","background-position":"center center","background-size":"auto","background-attachment":"scroll","background-type":"","background-media":"","overlay-type":"","overlay-color":"","overlay-opacity":"","overlay-gradient":""},"tablet":{"background-color":"var(--ast-global-color-5)","background-image":"","background-repeat":"repeat","background-position":"center center","background-size":"auto","background-attachment":"scroll","background-type":"","background-media":"","overlay-type":"","overlay-color":"","overlay-opacity":"","overlay-gradient":""},"mobile":{"background-color":"var(--ast-global-color-5)","background-image":"","background-repeat":"repeat","background-position":"center center","background-size":"auto","background-attachment":"scroll","background-type":"","background-media":"","overlay-type":"","overlay-color":"","overlay-opacity":"","overlay-gradient":""}},"footnotes":""},"class_list":["post-771","page","type-page","status-publish","hentry"],"yoast_head":"<!-- This site is optimized with the Yoast SEO plugin v27.2 - https:\/\/yoast.com\/product\/yoast-seo-wordpress\/ -->\n<title>Aviso legal | Deutsche Schule San Sebasti&aacute;n<\/title>\n<meta name=\"robots\" content=\"noindex, follow\" \/>\n<meta property=\"og:locale\" content=\"de_DE\" \/>\n<meta property=\"og:type\" content=\"article\" \/>\n<meta property=\"og:title\" content=\"Aviso legal | Deutsche Schule San Sebasti&aacute;n\" \/>\n<meta property=\"og:description\" content=\"En cumplimiento de la Ley 34\/2002 de 11 de julio, de servicios de la sociedad de la informaci\u00f3n y comercio electr\u00f3nico le informamos que los datos del responsable de la web son: OBLIGACI\u00d3N DE HACER UN USO CORRECTO DEL PORTAL: El Usuario\/a se compromete a hacer un uso adecuado de la web y a no [&hellip;]\" \/>\n<meta property=\"og:url\" content=\"https:\/\/colegioaleman.net\/de\/aviso-legal\/\" \/>\n<meta property=\"og:site_name\" content=\"Deutsche Schule San Sebasti&aacute;n\" \/>\n<meta property=\"article:modified_time\" content=\"2024-02-29T14:57:34+00:00\" \/>\n<meta property=\"og:image\" content=\"https:\/\/colegioaleman.net\/wp-content\/uploads\/2023\/12\/DS_negro.png\" \/>\n\t<meta property=\"og:image:width\" content=\"842\" \/>\n\t<meta property=\"og:image:height\" content=\"297\" \/>\n\t<meta property=\"og:image:type\" content=\"image\/png\" \/>\n<meta name=\"twitter:card\" content=\"summary_large_image\" \/>\n<meta name=\"twitter:label1\" content=\"Gesch\u00e4tzte Lesezeit\" \/>\n\t<meta name=\"twitter:data1\" content=\"2\u00a0Minuten\" \/>\n<script type=\"application\/ld+json\" class=\"yoast-schema-graph\">{\"@context\":\"https:\/\/schema.org\",\"@graph\":[{\"@type\":\"WebPage\",\"@id\":\"https:\/\/colegioaleman.net\/de\/aviso-legal\/\",\"url\":\"https:\/\/colegioaleman.net\/de\/aviso-legal\/\",\"name\":\"Aviso legal | Deutsche Schule San Sebasti&aacute;n\",\"isPartOf\":{\"@id\":\"https:\/\/colegioaleman.net\/de\/#website\"},\"datePublished\":\"2024-01-18T12:14:24+00:00\",\"dateModified\":\"2024-02-29T14:57:34+00:00\",\"breadcrumb\":{\"@id\":\"https:\/\/colegioaleman.net\/de\/aviso-legal\/#breadcrumb\"},\"inLanguage\":\"de\",\"potentialAction\":[{\"@type\":\"ReadAction\",\"target\":[\"https:\/\/colegioaleman.net\/de\/aviso-legal\/\"]}]},{\"@type\":\"BreadcrumbList\",\"@id\":\"https:\/\/colegioaleman.net\/de\/aviso-legal\/#breadcrumb\",\"itemListElement\":[{\"@type\":\"ListItem\",\"position\":1,\"name\":\"Home\",\"item\":\"https:\/\/colegioaleman.net\/de\/\"},{\"@type\":\"ListItem\",\"position\":2,\"name\":\"Aviso legal\"}]},{\"@type\":\"WebSite\",\"@id\":\"https:\/\/colegioaleman.net\/de\/#website\",\"url\":\"https:\/\/colegioaleman.net\/de\/\",\"name\":\"Deutsche Schule San Sebasti&aacute;n\",\"description\":\"Colegio Alem&aacute;n San Alberto Magno\",\"potentialAction\":[{\"@type\":\"SearchAction\",\"target\":{\"@type\":\"EntryPoint\",\"urlTemplate\":\"https:\/\/colegioaleman.net\/de\/?s={search_term_string}\"},\"query-input\":{\"@type\":\"PropertyValueSpecification\",\"valueRequired\":true,\"valueName\":\"search_term_string\"}}],\"inLanguage\":\"de\"}]}<\/script>\n<!-- \/ Yoast SEO plugin. -->","yoast_head_json":{"title":"Aviso legal | Deutsche Schule San Sebasti&aacute;n","robots":{"index":"noindex","follow":"follow"},"og_locale":"de_DE","og_type":"article","og_title":"Aviso legal | Deutsche Schule San Sebasti&aacute;n","og_description":"En cumplimiento de la Ley 34\/2002 de 11 de julio, de servicios de la sociedad de la informaci\u00f3n y comercio electr\u00f3nico le informamos que los datos del responsable de la web son: OBLIGACI\u00d3N DE HACER UN USO CORRECTO DEL PORTAL: El Usuario\/a se compromete a hacer un uso adecuado de la web y a no [&hellip;]","og_url":"https:\/\/colegioaleman.net\/de\/aviso-legal\/","og_site_name":"Deutsche Schule San Sebasti&aacute;n","article_modified_time":"2024-02-29T14:57:34+00:00","og_image":[{"width":842,"height":297,"url":"https:\/\/colegioaleman.net\/wp-content\/uploads\/2023\/12\/DS_negro.png","type":"image\/png"}],"twitter_card":"summary_large_image","twitter_misc":{"Gesch\u00e4tzte Lesezeit":"2\u00a0Minuten"},"schema":{"@context":"https:\/\/schema.org","@graph":[{"@type":"WebPage","@id":"https:\/\/colegioaleman.net\/de\/aviso-legal\/","url":"https:\/\/colegioaleman.net\/de\/aviso-legal\/","name":"Aviso legal | Deutsche Schule San Sebasti&aacute;n","isPartOf":{"@id":"https:\/\/colegioaleman.net\/de\/#website"},"datePublished":"2024-01-18T12:14:24+00:00","dateModified":"2024-02-29T14:57:34+00:00","breadcrumb":{"@id":"https:\/\/colegioaleman.net\/de\/aviso-legal\/#breadcrumb"},"inLanguage":"de","potentialAction":[{"@type":"ReadAction","target":["https:\/\/colegioaleman.net\/de\/aviso-legal\/"]}]},{"@type":"BreadcrumbList","@id":"https:\/\/colegioaleman.net\/de\/aviso-legal\/#breadcrumb","itemListElement":[{"@type":"ListItem","position":1,"name":"Home","item":"https:\/\/colegioaleman.net\/de\/"},{"@type":"ListItem","position":2,"name":"Aviso legal"}]},{"@type":"WebSite","@id":"https:\/\/colegioaleman.net\/de\/#website","url":"https:\/\/colegioaleman.net\/de\/","name":"Deutsche Schule San Sebasti&aacute;n","description":"Colegio Alem&aacute;n San Alberto Magno","potentialAction":[{"@type":"SearchAction","target":{"@type":"EntryPoint","urlTemplate":"https:\/\/colegioaleman.net\/de\/?s={search_term_string}"},"query-input":{"@type":"PropertyValueSpecification","valueRequired":true,"valueName":"search_term_string"}}],"inLanguage":"de"}]}},"_links":{"self":[{"href":"https:\/\/colegioaleman.net\/de\/wp-json\/wp\/v2\/pages\/771","targetHints":{"allow":["GET"]}}],"collection":[{"href":"https:\/\/colegioaleman.net\/de\/wp-json\/wp\/v2\/pages"}],"about":[{"href":"https:\/\/colegioaleman.net\/de\/wp-json\/wp\/v2\/types\/page"}],"author":[{"embeddable":true,"href":"https:\/\/colegioaleman.net\/de\/wp-json\/wp\/v2\/users\/3"}],"replies":[{"embeddable":true,"href":"https:\/\/colegioaleman.net\/de\/wp-json\/wp\/v2\/comments?post=771"}],"version-history":[{"count":0,"href":"https:\/\/colegioaleman.net\/de\/wp-json\/wp\/v2\/pages\/771\/revisions"}],"wp:attachment":[{"href":"https:\/\/colegioaleman.net\/de\/wp-json\/wp\/v2\/media?parent=771"}],"curies":[{"name":"wp","href":"https:\/\/api.w.org\/{rel}","templated":true}]}}