{"id":768,"date":"2024-01-18T13:12:15","date_gmt":"2024-01-18T12:12:15","guid":{"rendered":"https:\/\/colegioaleman.net\/?page_id=768"},"modified":"2025-05-27T12:03:25","modified_gmt":"2025-05-27T10:03:25","slug":"politica-de-privacidad","status":"publish","type":"page","link":"https:\/\/colegioaleman.net\/eu\/politica-de-privacidad\/","title":{"rendered":"Pol\u00edtica de Privacidad"},"content":{"rendered":"\n<p><\/p>\n\n\n\n<p>Conforme a la Ley Org\u00e1nica 3\/2018, de 5 de diciembre, de Protecci\u00f3n de Datos Personales y garant\u00eda de los derechos digitales, y al Reglamento (UE) 2016\/679, del Parlamento Europeo y del Consejo, de 27 de abril (\u201cReglamento General de Protecci\u00f3n de Datos\u201d o \u201cRGPD\u201d), Deutsche Schule San Alberto Magno, S.Coop con CIF F20042750 y direcci\u00f3n en Paseo Oriamendi 25, 20009 San Sebasti\u00e1n \u2013en adelante Deutsche Schule\u2013 en relaci\u00f3n con los datos de car\u00e1cter personal que tratar\u00e1 el Centro.<br>&nbsp;<br>Si no est\u00e1 usted de acuerdo con los t\u00e9rminos de esta Pol\u00edtica, no acceda ni utilice los Servicios. Esta Pol\u00edtica de privacidad no es aplicable a ning\u00fan otro producto, servicio o actividad de terceros.<\/p>\n\n\n\n<h3 class=\"wp-block-heading\">RESPONSABLE DEL TRATAMIENTO DE SUS DATOS.<\/h3>\n\n\n\n<ul class=\"wp-block-list\">\n<li><strong>Denominaci\u00f3n Social:&nbsp;<\/strong>Deutsche Schule San Alberto Magno (Colegio Alem\u00e1n)<\/li>\n\n\n\n<li><strong>Domicilio:&nbsp;<\/strong>Paseo Oriamendi 25, 20009 Donostia \/ San Sebasti\u00e1n<\/li>\n\n\n\n<li><strong>NIF:<\/strong>&nbsp;F-20042750<\/li>\n\n\n\n<li><strong>Email:<\/strong>&nbsp;secretaria@colegioaleman.net<\/li>\n\n\n\n<li><strong>Datos de inscripci\u00f3n:&nbsp;<\/strong><\/li>\n<\/ul>\n\n\n\n<h3 class=\"wp-block-heading\">FINALIDADES DEL TRATAMIENTO DE DATOS<\/h3>\n\n\n\n<p>Sus datos personales se utilizar\u00e1n con la finalidad gen\u00e9rica de la gesti\u00f3n y administraci\u00f3n de la web y, espec\u00edficamente para:<\/p>\n\n\n\n<ul class=\"wp-block-list\">\n<li>Para&nbsp;<strong>gestionar y administrar<\/strong>&nbsp;los servicios puestos a disposici\u00f3n a trav\u00e9s de la web para la comunidad que engloba el Colegio Alem\u00e1n (padres\/madres, alumnos\/as, profesores, etc.).<\/li>\n\n\n\n<li>Para difundir las acciones realizadas en el Colegio.<\/li>\n\n\n\n<li>Para&nbsp;<strong>comunicar con los usuarios\/as&nbsp;<\/strong>en respuesta a solicitudes, comentarios y preguntas que nos realice a trav\u00e9s de los formularios de contacto de nuestra p\u00e1gina web (incluidos los emails, llamadas telef\u00f3nicas, etc.).<\/li>\n<\/ul>\n\n\n\n<p>No trataremos sus datos personales para ninguna otra finalidad m\u00e1s all\u00e1 de las descritas anteriormente salvo que venga impuesto por ley o exista alg\u00fan requerimiento judicial.<\/p>\n\n\n\n<h3 class=\"wp-block-heading\">DURACI\u00d3N DEL TRATAMIENTO DE DATOS.<\/h3>\n\n\n\n<p>Colegio Alem\u00e1n conservar\u00e1 y tratar\u00e1 los datos personales recabados para el env\u00edo de informaci\u00f3n, comunicaciones, newsletter (en su caso), desde el momento que el usuario\/a presta su consentimiento hasta que se complete la finalidad para la cual fueron recabados dichos datos y, siempre respetando los plazos de conservaci\u00f3n legal o contractual que resulten de aplicaci\u00f3n.<\/p>\n\n\n\n<p><strong>Posibilidad de retirar el consentimiento:<\/strong>&nbsp;El usuario\/a tiene derecho a retirar el consentimiento en cualquier momento, sin que ello afecte a la licitud del tratamiento basado en el consentimiento previo a su retirada. Asimismo, el usuario\/a podr\u00e1 oponerse en cualquier momento a la recepci\u00f3n de cualquier comunicaci\u00f3n electr\u00f3nica realizada desde Colegio Alem\u00e1n.<\/p>\n\n\n\n<p>En cuanto al tratamiento de datos para los servicios que el Colegio Alem\u00e1n pone a disposici\u00f3n de la comunidad en su web (INIKA, etc.) se conservar\u00e1n durante el mismo plazo que resulte de la matriculaci\u00f3n al Colegio y una vez finalizada la relaci\u00f3n durante el plazo correspondiente mientras persistan las obligaciones legales o se puedan dirimir responsabilidades.<\/p>\n\n\n\n<p><strong>Bolsa de trabajo:<\/strong>&nbsp;Los curr\u00edculums y datos obtenidos a trav\u00e9s de la bolsa de trabajo se conservar\u00e1n por un plazo no superior a 2 a\u00f1os.<\/p>\n\n\n\n<h3 class=\"wp-block-heading\">LEGITIMACI\u00d3N DEL TRATAMIENTO DE LOS DATOS<\/h3>\n\n\n\n<p>La base legal para el tratamiento de los datos es la legitimaci\u00f3n basada en el&nbsp;<strong>consentimiento del interesado<\/strong>&nbsp;prestado para las finalidades anteriormente descritas, que se solicitar\u00e1 en el momento de:<\/p>\n\n\n\n<ul class=\"wp-block-list\">\n<li>de proceder a tratar sus datos<\/li>\n\n\n\n<li>de la inclusi\u00f3n de sus datos en nuestros formularios<\/li>\n<\/ul>\n\n\n\n<p>El alta en la web como las solicitudes de informaci\u00f3n que nos haga llegar requieren que el interesado nos facilite de forma voluntaria los datos necesarios para poder atenderle o prestarle los Servicios. No obstante, el interesado puede libremente negarse a facilitarnos esos datos o, posteriormente, revocar el consentimiento previamente otorgado para tratar sus datos, si bien esa negativa implicar\u00e1 la imposibilidad de que podamos atender su petici\u00f3n o continuar con el registro en nuestra plataforma.<\/p>\n\n\n\n<p>Igualmente, podremos tratar sus datos en base a la relaci\u00f3n contractual existente a la hora de la formalizaci\u00f3n de la matr\u00edcula en lo referente a los servicios puestos a disposici\u00f3n en la web ((aula 1, incidencias, etc.)<\/p>\n\n\n\n<p>Colegio Alem\u00e1n entiende que, al facilitarnos esos datos, el interesado garantiza y se hace responsable de la veracidad, actualidad y exactitud de estos y que acepta y consiente expresamente en su tratamiento para las finalidades antes descritas.&nbsp;<\/p>\n\n\n\n<h3 class=\"wp-block-heading\">DESTINATARIOS DE CESIONES O TRANSFERENCIAS.<\/h3>\n\n\n\n<p>Con car\u00e1cter general, Colegio Alem\u00e1n no ceder\u00e1 sus datos personales a terceros salvo que estemos obligados legalmente a ello (Administraci\u00f3n P\u00fablica relacionada con la Educaci\u00f3n, Hacienda, etc.) o que usted nos lo haya autorizado expresamente.<\/p>\n\n\n\n<h3 class=\"wp-block-heading\">REDES SOCIALES<\/h3>\n\n\n\n<p>Colegio Alem\u00e1n dispone de distintas redes sociales (Facebook, Twitter, etc.) para la difusi\u00f3n de contenidos relacionados con Colegio Alem\u00e1n, as\u00ed como para facilitar a los usuarios una v\u00eda de contacto. Colegio Alem\u00e1n es responsable del tratamiento de los datos de sus seguidores y contactos en las redes sociales. No obstante, en la medida en que el tratamiento de los datos personales se efect\u00faa en el marco de las redes sociales cuyos proveedores imponen unas reglas de funcionamiento, las obligaciones de Colegio Alem\u00e1n se limitar\u00e1n a aquellos aspectos en los que tiene libertad para actuar. En ning\u00fan caso Colegio Alem\u00e1n extraer\u00e1 los datos de las redes sociales, realizar\u00e1 perfiles de sus usuarios o recabar\u00e1 datos personales adicionales relativos a gustos, aficiones o modo de utilizaci\u00f3n de las redes sociales, sin el consentimiento expreso de los afectados.<\/p>\n\n\n\n<h3 class=\"wp-block-heading\">DERECHOS DE LAS PERSONAS INTERESADAS.<\/h3>\n\n\n\n<p>Cualquier persona tiene derecho a obtener confirmaci\u00f3n sobre si en Colegio Alem\u00e1n se tratan datos personales que le conciernan, o no. En particular, usted puede ejercer ante Colegio Alem\u00e1n los siguientes derechos:<\/p>\n\n\n\n<ul class=\"wp-block-list\">\n<li><strong><a href=\"https:\/\/colegioaleman.net\/wp-content\/uploads\/2024\/05\/1-formulario-derecho-de-acceso.pdf\">Derecho de acceso<\/a>:<\/strong>&nbsp;permite al interesado conocer y obtener informaci\u00f3n sobre sus datos de car\u00e1cter personal sometidos a tratamiento.<\/li>\n\n\n\n<li><strong><a href=\"https:\/\/colegioaleman.net\/wp-content\/uploads\/2024\/05\/2-formulario-derecho-de-rectificacion.pdf\">Derecho de rectificaci\u00f3n<\/a>:<\/strong>&nbsp;permite corregir errores, modificar los datos que resulten ser inexactos o incompletos y garantizar la certeza de la informaci\u00f3n objeto del tratamiento.&nbsp;<\/li>\n\n\n\n<li><strong><a href=\"https:\/\/colegioaleman.net\/wp-content\/uploads\/2024\/05\/3-formulario-derecho-de-supresion.pdf\">Derecho de supresi\u00f3n<\/a>:<\/strong>&nbsp;permite solicitar la eliminaci\u00f3n de los datos objeto de tratamiento cuando ya no sean necesarios.<\/li>\n\n\n\n<li><strong><a href=\"https:\/\/colegioaleman.net\/wp-content\/uploads\/2024\/05\/4A-formulario-derecho-de-oposicion.pdf\">Derecho de oposici\u00f3n<\/a>:<\/strong>&nbsp;derecho del interesado a que no se lleve a cabo el tratamiento de sus datos de car\u00e1cter personal o se cese en el mismo, salvo motivos leg\u00edtimos o para el ejercicio o defensa de posibles reclamaciones, en cuyo caso los mantendremos bloqueados durante el plazo correspondiente mientras persistan las obligaciones legales.<\/li>\n\n\n\n<li><strong><a href=\"https:\/\/colegioaleman.net\/wp-content\/uploads\/2024\/05\/4B-formulario-derecho-de-oposicion-publicidad.pdf\">Derecho de oposici\u00f3n al env\u00edo de publicidad<\/a>:<\/strong>&nbsp;Los interesados podr\u00e1n oponerse al env\u00edo de comunicaciones comerciales por parte de Colegio Alem\u00e1n. En ese caso puede revocar en cualquier momento su consentimiento a recibir estas notificaciones utilizando el mecanismo implementado al efecto en las mismas, o bien, remitiendo un escrito con el asunto \u201cBaja\u201d a secretaria@colegioaleman.net<\/li>\n\n\n\n<li><strong><a href=\"https:\/\/colegioaleman.net\/wp-content\/uploads\/2024\/05\/6-formulario-derecho-de-limitacion.pdf\">Limitaci\u00f3n del tratamiento<\/a>:<\/strong>&nbsp;En determinadas circunstancias, los interesados podr\u00e1n solicitar la limitaci\u00f3n del tratamiento de sus datos, en cuyo caso \u00fanicamente se conservar\u00e1n para el ejercicio o defensa de reclamaciones.<\/li>\n\n\n\n<li><strong><a href=\"https:\/\/colegioaleman.net\/wp-content\/uploads\/2024\/05\/7-formulario-derecho-de-portabilidad.pdf\">Portabilidad de los datos<\/a>:<\/strong>&nbsp;las personas interesadas pueden solicitar recibir los datos que le incumban y que nos haya facilitado o que \u2013siempre que t\u00e9cnicamente sea posible\u2013 se los enviemos a otro responsable de tratamiento de su elecci\u00f3n, en un formato estructurado de uso com\u00fan y lectura mec\u00e1nica.&nbsp;<\/li>\n\n\n\n<li><strong><a href=\"https:\/\/colegioaleman.net\/wp-content\/uploads\/2024\/05\/8-formulario-derecho-de-oposicion-decisiones-automatizadas.pdf\">Derecho a no ser objeto de decisiones individuales automatizadas (incluida la elaboraci\u00f3n de perfiles)<\/a>:<\/strong>derecho a no ser objeto de una decisi\u00f3n basada en el tratamiento automatizado que produzca efectos o afecte significativamente.<\/li>\n<\/ul>\n\n\n\n<p>Si desea ejercer alguno de los derechos expuestos, rogamos que nos remita carta con todos sus datos, incluyendo DNI a: Paseo Oriamendi 25, 20009 Donostia \/ San Sebasti\u00e1n o por email a secretaria@colegioaleman.net&nbsp;<\/p>\n\n\n\n<p>Asimismo, puede contactar con nuestro Delegado de Protecci\u00f3n de Datos (DPO) a trav\u00e9s de la siguiente direcci\u00f3n o email:dpo@colegioaleman.net&nbsp;<\/p>\n\n\n\n<p><strong>Posibilidad de reclamar ante la Autoridad de Control:<\/strong>&nbsp;Colegio Alem\u00e1n le informa igualmente del derecho que le asiste de presentar una reclamaci\u00f3n ante la Agencia Espa\u00f1ola de Protecci\u00f3n de Datos (www.agpd.es) si considera que el tratamiento no se ajusta a la normativa vigente.<\/p>\n","protected":false},"excerpt":{"rendered":"<p>Conforme a la Ley Org\u00e1nica 3\/2018, de 5 de diciembre, de Protecci\u00f3n de Datos Personales y garant\u00eda de los derechos digitales, y al Reglamento (UE) 2016\/679, del Parlamento Europeo y del Consejo, de 27 de abril (\u201cReglamento General de Protecci\u00f3n de Datos\u201d o \u201cRGPD\u201d), Deutsche Schule San Alberto Magno, S.Coop con CIF F20042750 y direcci\u00f3n [&hellip;]<\/p>\n","protected":false},"author":2,"featured_media":0,"parent":0,"menu_order":0,"comment_status":"closed","ping_status":"closed","template":"","meta":{"site-sidebar-layout":"default","site-content-layout":"","ast-site-content-layout":"default","site-content-style":"default","site-sidebar-style":"default","ast-global-header-display":"","ast-banner-title-visibility":"","ast-main-header-display":"","ast-hfb-above-header-display":"","ast-hfb-below-header-display":"","ast-hfb-mobile-header-display":"","site-post-title":"","ast-breadcrumbs-content":"","ast-featured-img":"","footer-sml-layout":"","ast-disable-related-posts":"","theme-transparent-header-meta":"","adv-header-id-meta":"","stick-header-meta":"","header-above-stick-meta":"","header-main-stick-meta":"","header-below-stick-meta":"","astra-migrate-meta-layouts":"set","ast-page-background-enabled":"default","ast-page-background-meta":{"desktop":{"background-color":"var(--ast-global-color-4)","background-image":"","background-repeat":"repeat","background-position":"center center","background-size":"auto","background-attachment":"scroll","background-type":"","background-media":"","overlay-type":"","overlay-color":"","overlay-opacity":"","overlay-gradient":""},"tablet":{"background-color":"","background-image":"","background-repeat":"repeat","background-position":"center center","background-size":"auto","background-attachment":"scroll","background-type":"","background-media":"","overlay-type":"","overlay-color":"","overlay-opacity":"","overlay-gradient":""},"mobile":{"background-color":"","background-image":"","background-repeat":"repeat","background-position":"center center","background-size":"auto","background-attachment":"scroll","background-type":"","background-media":"","overlay-type":"","overlay-color":"","overlay-opacity":"","overlay-gradient":""}},"ast-content-background-meta":{"desktop":{"background-color":"var(--ast-global-color-5)","background-image":"","background-repeat":"repeat","background-position":"center center","background-size":"auto","background-attachment":"scroll","background-type":"","background-media":"","overlay-type":"","overlay-color":"","overlay-opacity":"","overlay-gradient":""},"tablet":{"background-color":"var(--ast-global-color-5)","background-image":"","background-repeat":"repeat","background-position":"center center","background-size":"auto","background-attachment":"scroll","background-type":"","background-media":"","overlay-type":"","overlay-color":"","overlay-opacity":"","overlay-gradient":""},"mobile":{"background-color":"var(--ast-global-color-5)","background-image":"","background-repeat":"repeat","background-position":"center center","background-size":"auto","background-attachment":"scroll","background-type":"","background-media":"","overlay-type":"","overlay-color":"","overlay-opacity":"","overlay-gradient":""}},"footnotes":""},"class_list":["post-768","page","type-page","status-publish","hentry"],"yoast_head":"<!-- This site is optimized with the Yoast SEO plugin v27.2 - https:\/\/yoast.com\/product\/yoast-seo-wordpress\/ -->\n<title>Pol\u00edtica de Privacidad | Deutsche Schule San Sebasti&aacute;n<\/title>\n<meta name=\"robots\" content=\"noindex, follow\" \/>\n<meta property=\"og:locale\" content=\"eu_ES\" \/>\n<meta property=\"og:type\" content=\"article\" \/>\n<meta property=\"og:title\" content=\"Pol\u00edtica de Privacidad | Deutsche Schule San Sebasti&aacute;n\" \/>\n<meta property=\"og:description\" content=\"Conforme a la Ley Org\u00e1nica 3\/2018, de 5 de diciembre, de Protecci\u00f3n de Datos Personales y garant\u00eda de los derechos digitales, y al Reglamento (UE) 2016\/679, del Parlamento Europeo y del Consejo, de 27 de abril (\u201cReglamento General de Protecci\u00f3n de Datos\u201d o \u201cRGPD\u201d), Deutsche Schule San Alberto Magno, S.Coop con CIF F20042750 y direcci\u00f3n [&hellip;]\" \/>\n<meta property=\"og:url\" content=\"https:\/\/colegioaleman.net\/eu\/politica-de-privacidad\/\" \/>\n<meta property=\"og:site_name\" content=\"Deutsche Schule San Sebasti&aacute;n\" \/>\n<meta property=\"article:modified_time\" content=\"2025-05-27T10:03:25+00:00\" \/>\n<meta property=\"og:image\" content=\"https:\/\/colegioaleman.net\/wp-content\/uploads\/2023\/12\/DS_negro.png\" \/>\n\t<meta property=\"og:image:width\" content=\"842\" \/>\n\t<meta property=\"og:image:height\" content=\"297\" \/>\n\t<meta property=\"og:image:type\" content=\"image\/png\" \/>\n<meta name=\"twitter:card\" content=\"summary_large_image\" \/>\n<meta name=\"twitter:label1\" content=\"Est. reading time\" \/>\n\t<meta name=\"twitter:data1\" content=\"6 minutes\" \/>\n<script type=\"application\/ld+json\" class=\"yoast-schema-graph\">{\"@context\":\"https:\/\/schema.org\",\"@graph\":[{\"@type\":\"WebPage\",\"@id\":\"https:\/\/colegioaleman.net\/eu\/politica-de-privacidad\/\",\"url\":\"https:\/\/colegioaleman.net\/eu\/politica-de-privacidad\/\",\"name\":\"Pol\u00edtica de Privacidad | Deutsche Schule San Sebasti&aacute;n\",\"isPartOf\":{\"@id\":\"https:\/\/colegioaleman.net\/eu\/#website\"},\"datePublished\":\"2024-01-18T12:12:15+00:00\",\"dateModified\":\"2025-05-27T10:03:25+00:00\",\"breadcrumb\":{\"@id\":\"https:\/\/colegioaleman.net\/eu\/politica-de-privacidad\/#breadcrumb\"},\"inLanguage\":\"eu-ES\",\"potentialAction\":[{\"@type\":\"ReadAction\",\"target\":[\"https:\/\/colegioaleman.net\/eu\/politica-de-privacidad\/\"]}]},{\"@type\":\"BreadcrumbList\",\"@id\":\"https:\/\/colegioaleman.net\/eu\/politica-de-privacidad\/#breadcrumb\",\"itemListElement\":[{\"@type\":\"ListItem\",\"position\":1,\"name\":\"Home\",\"item\":\"https:\/\/colegioaleman.net\/eu\/\"},{\"@type\":\"ListItem\",\"position\":2,\"name\":\"Pol\u00edtica de Privacidad\"}]},{\"@type\":\"WebSite\",\"@id\":\"https:\/\/colegioaleman.net\/eu\/#website\",\"url\":\"https:\/\/colegioaleman.net\/eu\/\",\"name\":\"Deutsche Schule San Sebasti&aacute;n\",\"description\":\"Colegio Alem&aacute;n San Alberto Magno\",\"potentialAction\":[{\"@type\":\"SearchAction\",\"target\":{\"@type\":\"EntryPoint\",\"urlTemplate\":\"https:\/\/colegioaleman.net\/eu\/?s={search_term_string}\"},\"query-input\":{\"@type\":\"PropertyValueSpecification\",\"valueRequired\":true,\"valueName\":\"search_term_string\"}}],\"inLanguage\":\"eu-ES\"}]}<\/script>\n<!-- \/ Yoast SEO plugin. -->","yoast_head_json":{"title":"Pol\u00edtica de Privacidad | Deutsche Schule San Sebasti&aacute;n","robots":{"index":"noindex","follow":"follow"},"og_locale":"eu_ES","og_type":"article","og_title":"Pol\u00edtica de Privacidad | Deutsche Schule San Sebasti&aacute;n","og_description":"Conforme a la Ley Org\u00e1nica 3\/2018, de 5 de diciembre, de Protecci\u00f3n de Datos Personales y garant\u00eda de los derechos digitales, y al Reglamento (UE) 2016\/679, del Parlamento Europeo y del Consejo, de 27 de abril (\u201cReglamento General de Protecci\u00f3n de Datos\u201d o \u201cRGPD\u201d), Deutsche Schule San Alberto Magno, S.Coop con CIF F20042750 y direcci\u00f3n [&hellip;]","og_url":"https:\/\/colegioaleman.net\/eu\/politica-de-privacidad\/","og_site_name":"Deutsche Schule San Sebasti&aacute;n","article_modified_time":"2025-05-27T10:03:25+00:00","og_image":[{"width":842,"height":297,"url":"https:\/\/colegioaleman.net\/wp-content\/uploads\/2023\/12\/DS_negro.png","type":"image\/png"}],"twitter_card":"summary_large_image","twitter_misc":{"Est. reading time":"6 minutes"},"schema":{"@context":"https:\/\/schema.org","@graph":[{"@type":"WebPage","@id":"https:\/\/colegioaleman.net\/eu\/politica-de-privacidad\/","url":"https:\/\/colegioaleman.net\/eu\/politica-de-privacidad\/","name":"Pol\u00edtica de Privacidad | Deutsche Schule San Sebasti&aacute;n","isPartOf":{"@id":"https:\/\/colegioaleman.net\/eu\/#website"},"datePublished":"2024-01-18T12:12:15+00:00","dateModified":"2025-05-27T10:03:25+00:00","breadcrumb":{"@id":"https:\/\/colegioaleman.net\/eu\/politica-de-privacidad\/#breadcrumb"},"inLanguage":"eu-ES","potentialAction":[{"@type":"ReadAction","target":["https:\/\/colegioaleman.net\/eu\/politica-de-privacidad\/"]}]},{"@type":"BreadcrumbList","@id":"https:\/\/colegioaleman.net\/eu\/politica-de-privacidad\/#breadcrumb","itemListElement":[{"@type":"ListItem","position":1,"name":"Home","item":"https:\/\/colegioaleman.net\/eu\/"},{"@type":"ListItem","position":2,"name":"Pol\u00edtica de Privacidad"}]},{"@type":"WebSite","@id":"https:\/\/colegioaleman.net\/eu\/#website","url":"https:\/\/colegioaleman.net\/eu\/","name":"Deutsche Schule San Sebasti&aacute;n","description":"Colegio Alem&aacute;n San Alberto Magno","potentialAction":[{"@type":"SearchAction","target":{"@type":"EntryPoint","urlTemplate":"https:\/\/colegioaleman.net\/eu\/?s={search_term_string}"},"query-input":{"@type":"PropertyValueSpecification","valueRequired":true,"valueName":"search_term_string"}}],"inLanguage":"eu-ES"}]}},"_links":{"self":[{"href":"https:\/\/colegioaleman.net\/eu\/wp-json\/wp\/v2\/pages\/768","targetHints":{"allow":["GET"]}}],"collection":[{"href":"https:\/\/colegioaleman.net\/eu\/wp-json\/wp\/v2\/pages"}],"about":[{"href":"https:\/\/colegioaleman.net\/eu\/wp-json\/wp\/v2\/types\/page"}],"author":[{"embeddable":true,"href":"https:\/\/colegioaleman.net\/eu\/wp-json\/wp\/v2\/users\/2"}],"replies":[{"embeddable":true,"href":"https:\/\/colegioaleman.net\/eu\/wp-json\/wp\/v2\/comments?post=768"}],"version-history":[{"count":1,"href":"https:\/\/colegioaleman.net\/eu\/wp-json\/wp\/v2\/pages\/768\/revisions"}],"predecessor-version":[{"id":70439,"href":"https:\/\/colegioaleman.net\/eu\/wp-json\/wp\/v2\/pages\/768\/revisions\/70439"}],"wp:attachment":[{"href":"https:\/\/colegioaleman.net\/eu\/wp-json\/wp\/v2\/media?parent=768"}],"curies":[{"name":"wp","href":"https:\/\/api.w.org\/{rel}","templated":true}]}}